{"id":199,"date":"2024-09-10T16:34:05","date_gmt":"2024-09-10T19:34:05","guid":{"rendered":"https:\/\/dcsconstrutora.com.br\/home\/?page_id=199"},"modified":"2025-02-06T12:01:18","modified_gmt":"2025-02-06T15:01:18","slug":"empresa","status":"publish","type":"page","link":"https:\/\/dcsconstrutora.com.br\/home\/empresa\/","title":{"rendered":"Empresa"},"content":{"rendered":"\n<ul class=\"wp-block-list has-vivid-cyan-blue-color has-text-color has-link-color wp-elements-13ed133756ab60232307adc17a9e8e07\">\n<li style=\"font-size:33px\"><strong><mark style=\"background-color:rgba(0, 0, 0, 0)\" class=\"has-inline-color has-vivid-cyan-blue-color\">Hist\u00f3ria<\/mark><\/strong><\/li>\n<\/ul>\n\n\n\n<p><\/p>\n\n\n\n<p style=\"font-size:16px\"><strong>A DCS-CL Construtora e Pavimentadora Ltda<\/strong>, iniciou sua jornada de sucesso em 1993, em Gravata\u00ed, com a funda\u00e7\u00e3o da J &amp; D Pavimenta\u00e7\u00f5es Ltda pelo empreendedor Dioceles Claro dos Santos. No come\u00e7o, a empresa atuava na execu\u00e7\u00e3o de pequenas obras de pavimenta\u00e7\u00e3o, terraplenagem e saneamento. Com a entrada de sua s\u00f3cia, Cristina Claro dos Santos, a parceria se fortaleceu, dando in\u00edcio a uma sociedade promissora.<\/p>\n\n\n\n<p style=\"font-size:16px\">Ao longo de mais de 20 anos, a <strong>DCS<\/strong> expandiu suas atividades no setor de engenharia, especializando-se em obras de manuten\u00e7\u00e3o vi\u00e1ria, constru\u00e7\u00e3o de artes especiais, infraestrutura, pavimenta\u00e7\u00e3o e constru\u00e7\u00e3o civil.&nbsp; Com sede em Gravata\u00ed, e unidade em Gua\u00edba, a empresa est\u00e1 estrategicamente posicionada para atender de forma eficiente seus clientes na Regi\u00e3o Metropolitana. Com o olhar no futuro, a <strong>DCS<\/strong> visa ampliar sua atua\u00e7\u00e3o em todo o territ\u00f3rio nacional, levando sua expertise e compromisso de qualidade para novos mercados.<\/p>\n\n\n\n<p style=\"font-size:16px\">Desde 1993, a <strong>DCS-CL Construtora e Pavimentadora<\/strong> <strong>Ltda<\/strong> tem sido refer\u00eancia na execu\u00e7\u00e3o de obras de infraestrutura, constru\u00e7\u00e3o de artes especiais e projetos de constru\u00e7\u00e3o civil. Al\u00e9m disso, a empresa presta servi\u00e7os de pavimenta\u00e7\u00e3o e terraplenagem, atendendo com qualidade e efici\u00eancia \u00e0s diversas necessidades de seus clientes.<\/p>\n\n\n\n<p><\/p>\n\n\n\n<ul class=\"wp-block-list has-vivid-cyan-blue-color has-text-color has-link-color wp-elements-85ab182c034497d13782e833d99b67b8\">\n<li style=\"font-size:33px\"><strong><mark style=\"background-color:rgba(0, 0, 0, 0)\" class=\"has-inline-color has-vivid-cyan-blue-color\">Unidades<\/mark><\/strong><\/li>\n<\/ul>\n\n\n\n<div class=\"wp-block-columns is-layout-flex wp-container-core-columns-is-layout-9d6595d7 wp-block-columns-is-layout-flex\">\n<div class=\"wp-block-column is-layout-flow wp-block-column-is-layout-flow\" style=\"flex-basis:300px\">\n<figure data-wp-context=\"{&quot;imageId&quot;:&quot;69e9dfe684fae&quot;}\" data-wp-interactive=\"core\/image\" data-wp-key=\"69e9dfe684fae\" class=\"wp-block-image size-full is-resized wp-lightbox-container\"><img fetchpriority=\"high\" decoding=\"async\" width=\"500\" height=\"309\" data-wp-class--hide=\"state.isContentHidden\" data-wp-class--show=\"state.isContentVisible\" data-wp-init=\"callbacks.setButtonStyles\" data-wp-on--click=\"actions.showLightbox\" data-wp-on--load=\"callbacks.setButtonStyles\" data-wp-on-window--resize=\"callbacks.setButtonStyles\" src=\"https:\/\/dcsconstrutora.com.br\/home\/wp-content\/uploads\/2024\/09\/dcs-construtora-empresa-sede-gravatai-500x309-2.png\" alt=\"\" class=\"wp-image-238\" style=\"width:300px\" srcset=\"https:\/\/dcsconstrutora.com.br\/home\/wp-content\/uploads\/2024\/09\/dcs-construtora-empresa-sede-gravatai-500x309-2.png 500w, https:\/\/dcsconstrutora.com.br\/home\/wp-content\/uploads\/2024\/09\/dcs-construtora-empresa-sede-gravatai-500x309-2-300x185.png 300w\" sizes=\"(max-width: 500px) 100vw, 500px\" \/><button\n\t\t\tclass=\"lightbox-trigger\"\n\t\t\ttype=\"button\"\n\t\t\taria-haspopup=\"dialog\"\n\t\t\taria-label=\"Ampliar\"\n\t\t\tdata-wp-init=\"callbacks.initTriggerButton\"\n\t\t\tdata-wp-on--click=\"actions.showLightbox\"\n\t\t\tdata-wp-style--right=\"state.imageButtonRight\"\n\t\t\tdata-wp-style--top=\"state.imageButtonTop\"\n\t\t>\n\t\t\t<svg xmlns=\"http:\/\/www.w3.org\/2000\/svg\" width=\"12\" height=\"12\" fill=\"none\" viewBox=\"0 0 12 12\">\n\t\t\t\t<path fill=\"#fff\" d=\"M2 0a2 2 0 0 0-2 2v2h1.5V2a.5.5 0 0 1 .5-.5h2V0H2Zm2 10.5H2a.5.5 0 0 1-.5-.5V8H0v2a2 2 0 0 0 2 2h2v-1.5ZM8 12v-1.5h2a.5.5 0 0 0 .5-.5V8H12v2a2 2 0 0 1-2 2H8Zm2-12a2 2 0 0 1 2 2v2h-1.5V2a.5.5 0 0 0-.5-.5H8V0h2Z\" \/>\n\t\t\t<\/svg>\n\t\t<\/button><\/figure>\n<\/div>\n\n\n\n<div class=\"wp-block-column is-layout-flow wp-block-column-is-layout-flow\">\n<p class=\"has-text-align-left\" style=\"font-size:18px;font-style:normal;font-weight:400\">Com sede em Gravata\u00ed e uma unidade em Gua\u00edba e outra em Alvorada, estamos estrategicamente posicionados para melhor atender a Regi\u00e3o Metropolitana de Porto Alegre.<\/p>\n\n\n\n<p class=\"has-text-align-left\" style=\"font-size:18px;font-style:normal;font-weight:400\">Contamos tamb\u00e9m com uma moderna unidade de usinagem de asfalto, que nos permite garantir qualidade e agilidade na execu\u00e7\u00e3o de projetos, atendendo com efici\u00eancia nossos clientes.<\/p>\n<\/div>\n<\/div>\n\n\n\n<p style=\"font-size:16px\"><\/p>\n\n\n\n<ul class=\"wp-block-list has-vivid-cyan-blue-color has-text-color has-link-color wp-elements-549a6e6cdc2fcfea8725c8fab948a9da\">\n<li style=\"font-size:33px\"><strong>Miss\u00e3o<\/strong><\/li>\n<\/ul>\n\n\n\n<p><\/p>\n\n\n\n<p style=\"font-size:16px\">Desenvolver, projetar e executar obras de infraestrutura, obras de artes especiais com excel\u00eancia, seguran\u00e7a e sustentabilidade, superando as expectativas de nossos clientes e parceiros em todo o territ\u00f3rio nacional.<\/p>\n\n\n\n<p style=\"font-size:16px\"><\/p>\n\n\n\n<ul class=\"wp-block-list has-vivid-cyan-blue-color has-text-color has-link-color wp-elements-dd6e90fb4461f8e30bd4434597f7db8b\">\n<li style=\"font-size:33px\"><strong>Vis\u00e3o<\/strong><\/li>\n<\/ul>\n\n\n\n<p><\/p>\n\n\n\n<p style=\"font-size:16px\">Ser refer\u00eancia nacional em excel\u00eancia e inova\u00e7\u00e3o na execu\u00e7\u00e3o de obras de engenharia, promovendo o desenvolvimento sustent\u00e1vel.<\/p>\n\n\n\n<p style=\"font-size:16px\"><\/p>\n\n\n\n<p><\/p>\n\n\n\n<ul class=\"wp-block-list has-vivid-cyan-blue-color has-text-color has-link-color wp-elements-fec03f55b95619de1b4af086948c61a7\">\n<li style=\"font-size:33px\"><strong><mark style=\"background-color:rgba(0, 0, 0, 0)\" class=\"has-inline-color has-vivid-cyan-blue-color\">Ambi\u00e7\u00e3o<\/mark><\/strong><\/li>\n<\/ul>\n\n\n\n<p><\/p>\n\n\n\n<p style=\"font-size:16px\">Ser reconhecida como a empresa l\u00edder em solu\u00e7\u00f5es de obras de engenharia no territ\u00f3rio nacional, destacando-se pela inova\u00e7\u00e3o, excel\u00eancia operacional e sustentabilidade,&nbsp; contribuindo para o desenvolvimento econ\u00f4mico e social do pa\u00eds.<\/p>\n\n\n\n<p style=\"font-size:16px\"><\/p>\n\n\n\n<ul class=\"wp-block-list has-vivid-cyan-blue-color has-text-color has-link-color wp-elements-9f84447c34c3ea23a5eac16f5bcb9862\">\n<li style=\"font-size:33px\"><strong><mark style=\"background-color:rgba(0, 0, 0, 0)\" class=\"has-inline-color has-vivid-cyan-blue-color\">Valores<\/mark><\/strong><\/li>\n<\/ul>\n\n\n\n<p><\/p>\n\n\n\n<ul class=\"wp-block-list\">\n<li style=\"font-size:16px\"><strong>Integridade<\/strong>: Cumprir nossos compromissos com transpar\u00eancia e \u00e9tica.<\/li>\n\n\n\n<li style=\"font-size:16px\"><strong>Sustentabilidade<\/strong>: Promover pr\u00e1ticas que respeitem e preservem o meio ambiente.<\/li>\n\n\n\n<li style=\"font-size:16px\"><strong>Seguran\u00e7a<\/strong>: Priorizar a seguran\u00e7a em todas as nossas opera\u00e7\u00f5es, garantindo um ambiente de trabalho seguro para todos.<\/li>\n\n\n\n<li style=\"font-size:16px\"><strong>Qualidade<\/strong>: Buscar constantemente a excel\u00eancia e a inova\u00e7\u00e3o em nossos servi\u00e7os e processos.<\/li>\n\n\n\n<li style=\"font-size:16px\"><strong>Responsabilidade Social<\/strong>: Atuar de forma respons\u00e1vel, contribuindo para o bem-estar das comunidades onde operamos.<\/li>\n\n\n\n<li style=\"font-size:16px\"><strong>Efici\u00eancia<\/strong>: Otimizar recursos e processos para garantir a economicidade e a sustentabilidade do neg\u00f3cio.<\/li>\n\n\n\n<li style=\"font-size:16px\"><strong>Satisfa\u00e7\u00e3o do Cliente<\/strong>: Trabalhar pela satisfa\u00e7\u00e3o de nossos clientes, colaboradores e parceiros, construindo rela\u00e7\u00f5es de confian\u00e7a e respeito.<\/li>\n<\/ul>\n\n\n\n<p style=\"font-size:16px\"><\/p>\n\n\n\n<ul class=\"wp-block-list has-vivid-cyan-blue-color has-text-color has-link-color wp-elements-5a885038bb1fa36a13f29f6021c87dd6\">\n<li style=\"font-size:33px\"><strong><mark style=\"background-color:rgba(0, 0, 0, 0)\" class=\"has-inline-color has-vivid-cyan-blue-color\">Inova\u00e7\u00e3o<\/mark><\/strong><\/li>\n<\/ul>\n\n\n\n<p><\/p>\n\n\n\n<p style=\"font-size:16px\">A <strong>DCS-CL Construtora e Pavimentadora Ltda<\/strong> est\u00e1 vivenciando um momento de transforma\u00e7\u00e3o, marcado pela reestrutura\u00e7\u00e3o organizacional, moderniza\u00e7\u00e3o de processos e aprimoramento cont\u00ednuo de sua equipe. Esse movimento de renova\u00e7\u00e3o fortalece a qualidade dos servi\u00e7os prestados, garantindo excel\u00eancia na execu\u00e7\u00e3o de obras p\u00fablicas e privadas.<\/p>\n\n\n\n<p><\/p>\n\n\n\n<ul class=\"wp-block-list has-vivid-cyan-blue-color has-text-color has-link-color wp-elements-ae0202ced35d0b9b4eb638785d59e80f\">\n<li style=\"font-size:33px\"><strong><mark style=\"background-color:rgba(0, 0, 0, 0)\" class=\"has-inline-color has-vivid-cyan-blue-color\">Servi\u00e7os<\/mark><\/strong><\/li>\n<\/ul>\n\n\n\n<p><\/p>\n\n\n\n<ul class=\"wp-block-list\">\n<li style=\"font-size:16px\"><strong><a href=\"https:\/\/dcsconstrutora.com.br\/home\/servicos\/pavimentacao-asfaltica\/\">Pavimenta\u00e7\u00e3o Asf\u00e1ltica<\/a><\/strong><\/li>\n\n\n\n<li style=\"font-size:16px\"><strong><a href=\"https:\/\/dcsconstrutora.com.br\/home\/servicos\/pavimentacao-em-blocos-de-concreto\/\">Pavimenta\u00e7\u00e3o em Blocos de Concreto<\/a><\/strong><\/li>\n\n\n\n<li style=\"font-size:16px\"><strong><a href=\"https:\/\/dcsconstrutora.com.br\/home\/servicos\/terraplenagem\/\">Terraplenagem<\/a><\/strong><\/li>\n\n\n\n<li style=\"font-size:16px\"><strong><a href=\"https:\/\/dcsconstrutora.com.br\/home\/servicos\/drenagem-pluvial\/\">Drenagem Pluvial<\/a><\/strong><\/li>\n\n\n\n<li style=\"font-size:16px\"><strong><a href=\"https:\/\/dcsconstrutora.com.br\/home\/servicos\/saneamento\/\">Saneamento<\/a><\/strong><\/li>\n\n\n\n<li style=\"font-size:16px\"><strong><a href=\"https:\/\/dcsconstrutora.com.br\/home\/servicos\/loteamentos-e-condominios-horizontais\/\">Loteamentos e Condom\u00ednios Horizontais<\/a><\/strong><\/li>\n\n\n\n<li style=\"font-size:16px\"><strong><a href=\"https:\/\/dcsconstrutora.com.br\/home\/servicos\/obras-de-arte-especiais\/\">Obras de Arte Especiais<\/a><\/strong><br><\/li>\n<\/ul>\n","protected":false},"excerpt":{"rendered":"<p>A DCS-CL Construtora e Pavimentadora Ltda, iniciou sua jornada de sucesso em 1993, em Gravata\u00ed, com a funda\u00e7\u00e3o da J &amp; D Pavimenta\u00e7\u00f5es Ltda pelo empreendedor Dioceles Claro dos Santos. No come\u00e7o, a empresa atuava na execu\u00e7\u00e3o de pequenas obras de pavimenta\u00e7\u00e3o, terraplenagem e saneamento. Com a entrada de sua s\u00f3cia, Cristina Claro dos Santos, [&hellip;]<\/p>\n","protected":false},"author":1,"featured_media":0,"parent":0,"menu_order":0,"comment_status":"closed","ping_status":"closed","template":"templates\/template-page-full-width.php","meta":{"_eb_attr":"","footnotes":""},"class_list":["post-199","page","type-page","status-publish","hentry"],"_links":{"self":[{"href":"https:\/\/dcsconstrutora.com.br\/home\/wp-json\/wp\/v2\/pages\/199","targetHints":{"allow":["GET"]}}],"collection":[{"href":"https:\/\/dcsconstrutora.com.br\/home\/wp-json\/wp\/v2\/pages"}],"about":[{"href":"https:\/\/dcsconstrutora.com.br\/home\/wp-json\/wp\/v2\/types\/page"}],"author":[{"embeddable":true,"href":"https:\/\/dcsconstrutora.com.br\/home\/wp-json\/wp\/v2\/users\/1"}],"replies":[{"embeddable":true,"href":"https:\/\/dcsconstrutora.com.br\/home\/wp-json\/wp\/v2\/comments?post=199"}],"version-history":[{"count":122,"href":"https:\/\/dcsconstrutora.com.br\/home\/wp-json\/wp\/v2\/pages\/199\/revisions"}],"predecessor-version":[{"id":1669,"href":"https:\/\/dcsconstrutora.com.br\/home\/wp-json\/wp\/v2\/pages\/199\/revisions\/1669"}],"wp:attachment":[{"href":"https:\/\/dcsconstrutora.com.br\/home\/wp-json\/wp\/v2\/media?parent=199"}],"curies":[{"name":"wp","href":"https:\/\/api.w.org\/{rel}","templated":true}]}}